{"id":311,"date":"2025-06-20T08:40:32","date_gmt":"2025-06-20T06:40:32","guid":{"rendered":"https:\/\/confortenergies.com\/?page_id=311"},"modified":"2025-06-20T08:43:08","modified_gmt":"2025-06-20T06:43:08","slug":"311-2","status":"publish","type":"page","link":"https:\/\/confortenergies.com\/?page_id=311","title":{"rendered":"Desembouage"},"content":{"rendered":"<p>[et_pb_section fb_built=\u00a0\u00bb1&Prime; admin_label=\u00a0\u00bbHero\u00a0\u00bb _builder_version=\u00a0\u00bb4.18.0&Prime; _module_preset=\u00a0\u00bbdefault\u00a0\u00bb custom_padding=\u00a0\u00bb0px||0px|||\u00a0\u00bb locked=\u00a0\u00bboff\u00a0\u00bb collapsed=\u00a0\u00bbon\u00a0\u00bb global_colors_info=\u00a0\u00bb{}\u00a0\u00bb theme_builder_area=\u00a0\u00bbpost_content\u00a0\u00bb][et_pb_row _builder_version=\u00a0\u00bb4.24.2&Prime; _module_preset=\u00a0\u00bb5138c454-be54-4233-bd3b-f8e6a8747976&Prime; locked=\u00a0\u00bboff\u00a0\u00bb global_colors_info=\u00a0\u00bb{}\u00a0\u00bb theme_builder_area=\u00a0\u00bbpost_content\u00a0\u00bb][et_pb_column type=\u00a0\u00bb4_4&Prime; _builder_version=\u00a0\u00bb4.23.1&Prime; _module_preset=\u00a0\u00bb73121f80-a3ef-4484-8763-c3f18e3c56d2&Prime; global_colors_info=\u00a0\u00bb{}\u00a0\u00bb theme_builder_area=\u00a0\u00bbpost_content\u00a0\u00bb][et_pb_heading title=\u00a0\u00bbLe d\u00e9sembouage\u00a0\u00bb _builder_version=\u00a0\u00bb4.24.2&Prime; _module_preset=\u00a0\u00bbddeb8c09-9078-4424-bc15-2efb6572e28e\u00a0\u00bb title_text_align=\u00a0\u00bbcenter\u00a0\u00bb locked=\u00a0\u00bboff\u00a0\u00bb global_colors_info=\u00a0\u00bb{%22gcid-primary-color%22:%91%22title_text_color%22%93}\u00a0\u00bb theme_builder_area=\u00a0\u00bbpost_content\u00a0\u00bb][\/et_pb_heading][et_pb_text _builder_version=\u00a0\u00bb4.27.4&Prime; _module_preset=\u00a0\u00bb2c55a9c4-feed-423b-9edb-ae0b5b365cac\u00a0\u00bb text_orientation=\u00a0\u00bbcenter\u00a0\u00bb hover_enabled=\u00a0\u00bb0&Prime; locked=\u00a0\u00bboff\u00a0\u00bb global_colors_info=\u00a0\u00bb{}\u00a0\u00bb theme_builder_area=\u00a0\u00bbpost_content\u00a0\u00bb sticky_enabled=\u00a0\u00bb0&Prime;]Le d\u00e9sembouage est une op\u00e9ration de maintenance essentielle qui consiste \u00e0 nettoyer en profondeur votre circuit de chauffage central pour \u00e9liminer les boues, d\u00e9p\u00f4ts et impuret\u00e9s qui s&rsquo;accumulent au fil du temps dans vos canalisations et radiateurs.[\/et_pb_text][et_pb_button button_url=\u00a0\u00bbmailto:contactpro@confortenergies.com\u00a0\u00bb button_text=\u00a0\u00bbContactez-Nous Maintenant\u00a0\u00bb button_alignment=\u00a0\u00bbcenter\u00a0\u00bb _builder_version=\u00a0\u00bb4.27.4&Prime; _module_preset=\u00a0\u00bb1bffc0fc-42a0-49d1-bd9a-ae3ade2d7206&Prime; button_bg_color=\u00a0\u00bbgcid-secondary-color\u00a0\u00bb locked=\u00a0\u00bboff\u00a0\u00bb global_colors_info=\u00a0\u00bb{%22gcid-secondary-color%22:%91%22button_bg_color%22%93}\u00a0\u00bb theme_builder_area=\u00a0\u00bbpost_content\u00a0\u00bb][\/et_pb_button][et_pb_image src=\u00a0\u00bbhttps:\/\/confortenergies.com\/wp-content\/uploads\/2025\/06\/presta_desembouage-scaled.jpg\u00a0\u00bb title_text=\u00a0\u00bbpresta_desembouage\u00a0\u00bb align=\u00a0\u00bbcenter\u00a0\u00bb _builder_version=\u00a0\u00bb4.27.4&Prime; _module_preset=\u00a0\u00bb1cc6152f-565c-4c4d-b0c9-cf8c9576c341&Prime; hover_enabled=\u00a0\u00bb0&Prime; box_shadow_style=\u00a0\u00bbpreset4&Prime; box_shadow_horizontal=\u00a0\u00bb0px\u00a0\u00bb box_shadow_vertical=\u00a0\u00bb24px\u00a0\u00bb box_shadow_blur=\u00a0\u00bb72px\u00a0\u00bb box_shadow_spread=\u00a0\u00bb-12px\u00a0\u00bb locked=\u00a0\u00bboff\u00a0\u00bb global_colors_info=\u00a0\u00bb{}\u00a0\u00bb theme_builder_area=\u00a0\u00bbpost_content\u00a0\u00bb sticky_enabled=\u00a0\u00bb0&Prime;][\/et_pb_image][\/et_pb_column][\/et_pb_row][\/et_pb_section][et_pb_section fb_built=\u00a0\u00bb1&Prime; admin_label=\u00a0\u00bbServices\u00a0\u00bb _builder_version=\u00a0\u00bb4.23.1&Prime; _module_preset=\u00a0\u00bbdefault\u00a0\u00bb locked=\u00a0\u00bboff\u00a0\u00bb collapsed=\u00a0\u00bbon\u00a0\u00bb global_colors_info=\u00a0\u00bb{}\u00a0\u00bb theme_builder_area=\u00a0\u00bbpost_content\u00a0\u00bb custom_padding=\u00a0\u00bb0px||0px|||\u00a0\u00bb][et_pb_row _builder_version=\u00a0\u00bb4.17.6&Prime; _module_preset=\u00a0\u00bb5138c454-be54-4233-bd3b-f8e6a8747976&Prime; global_colors_info=\u00a0\u00bb{}\u00a0\u00bb theme_builder_area=\u00a0\u00bbpost_content\u00a0\u00bb][et_pb_column type=\u00a0\u00bb4_4&Prime; _builder_version=\u00a0\u00bb4.17.3&Prime; _module_preset=\u00a0\u00bb73121f80-a3ef-4484-8763-c3f18e3c56d2&Prime; global_colors_info=\u00a0\u00bb{}\u00a0\u00bb theme_builder_area=\u00a0\u00bbpost_content\u00a0\u00bb][et_pb_heading title=\u00a0\u00bbNos Services\u00a0\u00bb _builder_version=\u00a0\u00bb4.24.2&Prime; _module_preset=\u00a0\u00bbc33f07d9-41e0-421a-8799-5799df695cce\u00a0\u00bb title_font=\u00a0\u00bbIBM Plex Sans Condensed|IBM Plex Sans Condensed_weight|||||||\u00a0\u00bb locked=\u00a0\u00bboff\u00a0\u00bb global_colors_info=\u00a0\u00bb{}\u00a0\u00bb theme_builder_area=\u00a0\u00bbpost_content\u00a0\u00bb][\/et_pb_heading][\/et_pb_column][\/et_pb_row][et_pb_row column_structure=\u00a0\u00bb1_2,1_2&Prime; _builder_version=\u00a0\u00bb4.23.1&Prime; _module_preset=\u00a0\u00bb5138c454-be54-4233-bd3b-f8e6a8747976&Prime; global_colors_info=\u00a0\u00bb{}\u00a0\u00bb theme_builder_area=\u00a0\u00bbpost_content\u00a0\u00bb][et_pb_column type=\u00a0\u00bb1_2&Prime; _builder_version=\u00a0\u00bb4.17.3&Prime; _module_preset=\u00a0\u00bb73121f80-a3ef-4484-8763-c3f18e3c56d2&Prime; global_colors_info=\u00a0\u00bb{}\u00a0\u00bb theme_builder_area=\u00a0\u00bbpost_content\u00a0\u00bb][et_pb_image src=\u00a0\u00bbhttps:\/\/confortenergies.com\/wp-content\/uploads\/2025\/06\/ChatGPT-Image-20-juin-2025-a-08_39_23.png\u00a0\u00bb title_text=\u00a0\u00bbDesembouage\u00a0\u00bb _builder_version=\u00a0\u00bb4.27.4&Prime; _module_preset=\u00a0\u00bb1cc6152f-565c-4c4d-b0c9-cf8c9576c341&Prime; hover_enabled=\u00a0\u00bb0&Prime; global_colors_info=\u00a0\u00bb{}\u00a0\u00bb theme_builder_area=\u00a0\u00bbpost_content\u00a0\u00bb sticky_enabled=\u00a0\u00bb0&Prime;][\/et_pb_image][\/et_pb_column][et_pb_column type=\u00a0\u00bb1_2&Prime; _builder_version=\u00a0\u00bb4.17.3&Prime; _module_preset=\u00a0\u00bb73121f80-a3ef-4484-8763-c3f18e3c56d2&Prime; global_colors_info=\u00a0\u00bb{}\u00a0\u00bb theme_builder_area=\u00a0\u00bbpost_content\u00a0\u00bb][et_pb_blurb title=\u00a0\u00bbPourquoi ces boues se forment-elles ?\u00a0\u00bb use_icon=\u00a0\u00bbon\u00a0\u00bb font_icon=\u00a0\u00bb&#xf0ae;||fa||900&Prime; _builder_version=\u00a0\u00bb4.24.3&Prime; _module_preset=\u00a0\u00bb65059203-12d3-44f6-8371-3f5cf61a0475&Prime; header_font=\u00a0\u00bbIBM Plex Sans Condensed|IBM Plex Sans Condensed_weight|||||||\u00a0\u00bb body_font=\u00a0\u00bbIBM Plex Sans|IBM Plex Sans_weight|||||||\u00a0\u00bb locked=\u00a0\u00bboff\u00a0\u00bb global_colors_info=\u00a0\u00bb{%22gcid-f2943306-fa6c-45f0-b632-5fc00151366a%22:%91%22icon_color%22,%22icon_color%22%93}\u00a0\u00bb theme_builder_area=\u00a0\u00bbpost_content\u00a0\u00bb]<\/p>\n<p><span>Au fil des ann\u00e9es, l&rsquo;eau qui circule dans votre installation de chauffage se charge progressivement d&rsquo;oxydes m\u00e9talliques, de calcaire et de diverses particules. Ces r\u00e9sidus forment une boue noir\u00e2tre qui se d\u00e9pose dans les points bas de votre circuit : radiateurs, canalisations et chaudi\u00e8re.<\/span><\/p>\n<p>[\/et_pb_blurb][et_pb_blurb title=\u00a0\u00bbLes signes qui ne trompent pas\u00a0\u00bb use_icon=\u00a0\u00bbon\u00a0\u00bb font_icon=\u00a0\u00bb&#xe063;||divi||400&Prime; _builder_version=\u00a0\u00bb4.27.4&Prime; _module_preset=\u00a0\u00bb65059203-12d3-44f6-8371-3f5cf61a0475&Prime; header_font=\u00a0\u00bbIBM Plex Sans Condensed|IBM Plex Sans Condensed_weight|||||||\u00a0\u00bb body_font=\u00a0\u00bbIBM Plex Sans|IBM Plex Sans_weight|||||||\u00a0\u00bb hover_enabled=\u00a0\u00bb0&Prime; locked=\u00a0\u00bboff\u00a0\u00bb global_colors_info=\u00a0\u00bb{%22gcid-f2943306-fa6c-45f0-b632-5fc00151366a%22:%91%22icon_color%22,%22icon_color%22%93}\u00a0\u00bb theme_builder_area=\u00a0\u00bbpost_content\u00a0\u00bb sticky_enabled=\u00a0\u00bb0&Prime;]<\/p>\n<p class=\"whitespace-normal break-words\">Votre installation a besoin d&rsquo;un d\u00e9sembouage si vous constatez :<\/p>\n<ul class=\"[&amp;:not(:last-child)_ul]:pb-1 [&amp;:not(:last-child)_ol]:pb-1 list-disc space-y-1.5 pl-7\" depth=\"0\">\n<li class=\"whitespace-normal break-words\" index=\"0\">Des radiateurs qui chauffent mal ou de fa\u00e7on in\u00e9gale<\/li>\n<li class=\"whitespace-normal break-words\" index=\"1\">Des bruits dans les canalisations ou la chaudi\u00e8re<\/li>\n<li class=\"whitespace-normal break-words\" index=\"2\">Une surconsommation \u00e9nerg\u00e9tique inexpliqu\u00e9e<\/li>\n<li class=\"whitespace-normal break-words\" index=\"3\">Des pannes fr\u00e9quentes de votre chaudi\u00e8re<\/li>\n<li class=\"whitespace-normal break-words\" index=\"4\">Une eau trouble lors de la purge des radiateurs<\/li>\n<\/ul>\n<p>[\/et_pb_blurb][et_pb_blurb title=\u00a0\u00bbLes b\u00e9n\u00e9fices du d\u00e9sembouage\u00a0\u00bb use_icon=\u00a0\u00bbon\u00a0\u00bb font_icon=\u00a0\u00bb&#xe012;||divi||400&Prime; _builder_version=\u00a0\u00bb4.27.4&Prime; _module_preset=\u00a0\u00bb65059203-12d3-44f6-8371-3f5cf61a0475&Prime; header_font=\u00a0\u00bbIBM Plex Sans Condensed|IBM Plex Sans Condensed_weight|||||||\u00a0\u00bb body_font=\u00a0\u00bbIBM Plex Sans|IBM Plex Sans_weight|||||||\u00a0\u00bb hover_enabled=\u00a0\u00bb0&Prime; locked=\u00a0\u00bboff\u00a0\u00bb global_colors_info=\u00a0\u00bb{%22gcid-f2943306-fa6c-45f0-b632-5fc00151366a%22:%91%22icon_color%22,%22icon_color%22%93}\u00a0\u00bb theme_builder_area=\u00a0\u00bbpost_content\u00a0\u00bb sticky_enabled=\u00a0\u00bb0&Prime;]<\/p>\n<p>Cette intervention permet de retrouver une installation performante avec une am\u00e9lioration notable du confort thermique, des \u00e9conomies d&rsquo;\u00e9nergie pouvant atteindre 15%, une dur\u00e9e de vie prolong\u00e9e de votre \u00e9quipement et une r\u00e9duction significative des pannes.<\/p>\n<p>[\/et_pb_blurb][et_pb_blurb title=\u00a0\u00bbNotre intervention professionnelle\u00a0\u00bb use_icon=\u00a0\u00bbon\u00a0\u00bb font_icon=\u00a0\u00bb&#xe065;||fa||900&Prime; _builder_version=\u00a0\u00bb4.27.4&Prime; _module_preset=\u00a0\u00bb65059203-12d3-44f6-8371-3f5cf61a0475&Prime; header_font=\u00a0\u00bbIBM Plex Sans Condensed|IBM Plex Sans Condensed_weight|||||||\u00a0\u00bb body_font=\u00a0\u00bbIBM Plex Sans|IBM Plex Sans_weight|||||||\u00a0\u00bb hover_enabled=\u00a0\u00bb0&Prime; locked=\u00a0\u00bboff\u00a0\u00bb global_colors_info=\u00a0\u00bb{%22gcid-f2943306-fa6c-45f0-b632-5fc00151366a%22:%91%22icon_color%22,%22icon_color%22%93}\u00a0\u00bb theme_builder_area=\u00a0\u00bbpost_content\u00a0\u00bb sticky_enabled=\u00a0\u00bb0&Prime;]<\/p>\n<p class=\"whitespace-normal break-words\">Nos techniciens qualifi\u00e9s utilisent des \u00e9quipements sp\u00e9cialis\u00e9s pour effectuer un d\u00e9sembouage complet et s\u00e9curis\u00e9, respectant les normes en vigueur. Nous intervenons rapidement avec un diagnostic pr\u00e9cis de votre installation.<\/p>\n<p class=\"whitespace-normal break-words\">Contactez CONFORT ENERGIES pour redonner une seconde jeunesse \u00e0 votre chauffage !<\/p>\n<p>[\/et_pb_blurb][\/et_pb_column][\/et_pb_row][\/et_pb_section][et_pb_section fb_built=\u00a0\u00bb1&Prime; admin_label=\u00a0\u00bbFeatures\u00a0\u00bb _builder_version=\u00a0\u00bb4.18.0&Prime; _module_preset=\u00a0\u00bbdefault\u00a0\u00bb custom_padding=\u00a0\u00bb0px||0px|||\u00a0\u00bb locked=\u00a0\u00bboff\u00a0\u00bb collapsed=\u00a0\u00bbon\u00a0\u00bb global_colors_info=\u00a0\u00bb{}\u00a0\u00bb theme_builder_area=\u00a0\u00bbpost_content\u00a0\u00bb][et_pb_row _builder_version=\u00a0\u00bb4.18.0&Prime; _module_preset=\u00a0\u00bb5138c454-be54-4233-bd3b-f8e6a8747976&Prime; custom_padding=\u00a0\u00bb0px||0px|||\u00a0\u00bb global_colors_info=\u00a0\u00bb{}\u00a0\u00bb theme_builder_area=\u00a0\u00bbpost_content\u00a0\u00bb][et_pb_column type=\u00a0\u00bb4_4&Prime; _builder_version=\u00a0\u00bb4.16.0&Prime; _module_preset=\u00a0\u00bb73121f80-a3ef-4484-8763-c3f18e3c56d2&Prime; global_colors_info=\u00a0\u00bb{}\u00a0\u00bb theme_builder_area=\u00a0\u00bbpost_content\u00a0\u00bb][et_pb_heading title=\u00a0\u00bbNotre Qualit\u00e9 de Service\u00a0\u00bb _builder_version=\u00a0\u00bb4.24.2&Prime; _module_preset=\u00a0\u00bbc33f07d9-41e0-421a-8799-5799df695cce\u00a0\u00bb locked=\u00a0\u00bboff\u00a0\u00bb global_colors_info=\u00a0\u00bb{}\u00a0\u00bb theme_builder_area=\u00a0\u00bbpost_content\u00a0\u00bb][\/et_pb_heading][\/et_pb_column][\/et_pb_row][et_pb_row column_structure=\u00a0\u00bb1_3,1_3,1_3&Prime; make_equal=\u00a0\u00bbon\u00a0\u00bb _builder_version=\u00a0\u00bb4.27.4&Prime; _module_preset=\u00a0\u00bb5138c454-be54-4233-bd3b-f8e6a8747976&Prime; custom_padding=\u00a0\u00bb0px|||||\u00a0\u00bb global_colors_info=\u00a0\u00bb{}\u00a0\u00bb theme_builder_area=\u00a0\u00bbpost_content\u00a0\u00bb][et_pb_column type=\u00a0\u00bb1_3&Prime; _builder_version=\u00a0\u00bb4.24.3&Prime; _module_preset=\u00a0\u00bb6ee989c6-ce83-4f88-8565-5aa92b2b8c6a\u00a0\u00bb custom_padding=\u00a0\u00bb80px|30px|30px|30px|false|true\u00a0\u00bb border_radii=\u00a0\u00bbon|6px|6px|6px|6px\u00a0\u00bb global_colors_info=\u00a0\u00bb{%22gcid-36fd78a7-34bc-404d-873c-dafa34efaae5%22:%91%22button_text_color%22,%22button_text_color%22,%22button_text_color%22,%22button_text_color%22,%22button_text_color%22,%22button_text_color%22%93}\u00a0\u00bb theme_builder_area=\u00a0\u00bbpost_content\u00a0\u00bb][et_pb_blurb title=\u00a0\u00bbIntervention\u00a0\u00bb use_icon=\u00a0\u00bbon\u00a0\u00bb font_icon=\u00a0\u00bb&#xf0f9;||fa||900&Prime; _builder_version=\u00a0\u00bb4.24.3&Prime; _module_preset=\u00a0\u00bb212b201d-2c34-41bd-936c-851b7357d08b\u00a0\u00bb locked=\u00a0\u00bboff\u00a0\u00bb global_colors_info=\u00a0\u00bb{%22gcid-heading-color%22:%91%22header_text_color%22,%22header_text_color%22,%22header_text_color%22,%22header_text_color%22,%22header_text_color%22%93,%22gcid-body-color%22:%91%22body_text_color%22,%22body_text_color%22,%22body_text_color%22,%22body_text_color%22,%22body_text_color%22%93,%22gcid-primary-color%22:%91%22icon_color%22%93}\u00a0\u00bb theme_builder_area=\u00a0\u00bbpost_content\u00a0\u00bb]<\/p>\n<p>Nous garantissons une intervention sur site rapide pour toutes vos urgences, assurant une tranquillit\u00e9 d&rsquo;esprit imm\u00e9diate.<\/p>\n<p>[\/et_pb_blurb][\/et_pb_column][et_pb_column type=\u00a0\u00bb1_3&Prime; _builder_version=\u00a0\u00bb4.24.3&Prime; _module_preset=\u00a0\u00bb6ee989c6-ce83-4f88-8565-5aa92b2b8c6a\u00a0\u00bb custom_padding=\u00a0\u00bb80px|30px|30px|30px|false|true\u00a0\u00bb border_radii=\u00a0\u00bbon|6px|6px|6px|6px\u00a0\u00bb global_colors_info=\u00a0\u00bb{%22gcid-36fd78a7-34bc-404d-873c-dafa34efaae5%22:%91%22button_text_color%22,%22button_text_color%22,%22button_text_color%22,%22button_text_color%22,%22button_text_color%22,%22button_text_color%22%93}\u00a0\u00bb theme_builder_area=\u00a0\u00bbpost_content\u00a0\u00bb][et_pb_blurb title=\u00a0\u00bbExpertise\u00a0\u00bb use_icon=\u00a0\u00bbon\u00a0\u00bb font_icon=\u00a0\u00bb&#xf64a;||fa||900&Prime; _builder_version=\u00a0\u00bb4.27.4&Prime; _module_preset=\u00a0\u00bb212b201d-2c34-41bd-936c-851b7357d08b\u00a0\u00bb locked=\u00a0\u00bboff\u00a0\u00bb global_colors_info=\u00a0\u00bb{%22gcid-heading-color%22:%91%22header_text_color%22,%22header_text_color%22,%22header_text_color%22,%22header_text_color%22,%22header_text_color%22%93,%22gcid-body-color%22:%91%22body_text_color%22,%22body_text_color%22,%22body_text_color%22,%22body_text_color%22,%22body_text_color%22%93,%22gcid-primary-color%22:%91%22icon_color%22%93}\u00a0\u00bb theme_builder_area=\u00a0\u00bbpost_content\u00a0\u00bb]<\/p>\n<p>Grace \u00e0 notre expertise nous \u00e9tablissons un diagnostique le plus rapidement possible, afin de vous apporter une solution.<\/p>\n<p>[\/et_pb_blurb][\/et_pb_column][et_pb_column type=\u00a0\u00bb1_3&Prime; _builder_version=\u00a0\u00bb4.24.3&Prime; _module_preset=\u00a0\u00bb6ee989c6-ce83-4f88-8565-5aa92b2b8c6a\u00a0\u00bb custom_padding=\u00a0\u00bb80px|30px|30px|30px|false|true\u00a0\u00bb border_radii=\u00a0\u00bbon|6px|6px|6px|6px\u00a0\u00bb global_colors_info=\u00a0\u00bb{%22gcid-36fd78a7-34bc-404d-873c-dafa34efaae5%22:%91%22button_text_color%22,%22button_text_color%22,%22button_text_color%22,%22button_text_color%22,%22button_text_color%22,%22button_text_color%22%93}\u00a0\u00bb theme_builder_area=\u00a0\u00bbpost_content\u00a0\u00bb][et_pb_blurb title=\u00a0\u00bbPi\u00e8ces d&rsquo;Origine\u00a0\u00bb use_icon=\u00a0\u00bbon\u00a0\u00bb font_icon=\u00a0\u00bb&#xf14a;||fa||400&Prime; _builder_version=\u00a0\u00bb4.24.3&Prime; _module_preset=\u00a0\u00bb212b201d-2c34-41bd-936c-851b7357d08b\u00a0\u00bb locked=\u00a0\u00bboff\u00a0\u00bb global_colors_info=\u00a0\u00bb{%22gcid-heading-color%22:%91%22header_text_color%22,%22header_text_color%22,%22header_text_color%22,%22header_text_color%22,%22header_text_color%22%93,%22gcid-body-color%22:%91%22body_text_color%22,%22body_text_color%22,%22body_text_color%22,%22body_text_color%22,%22body_text_color%22%93,%22gcid-primary-color%22:%91%22icon_color%22%93}\u00a0\u00bb theme_builder_area=\u00a0\u00bbpost_content\u00a0\u00bb]<\/p>\n<p>Utilisation de pi\u00e8ces de qualit\u00e9 pour garantir la durabilit\u00e9 et la performance de vos \u00e9quipements.<\/p>\n<p>[\/et_pb_blurb][\/et_pb_column][\/et_pb_row][\/et_pb_section][et_pb_section fb_built=\u00a0\u00bb1&Prime; admin_label=\u00a0\u00bbCall to Action\u00a0\u00bb _builder_version=\u00a0\u00bb4.24.2&Prime; _module_preset=\u00a0\u00bbdefault\u00a0\u00bb background_color=\u00a0\u00bbgcid-primary-color\u00a0\u00bb locked=\u00a0\u00bboff\u00a0\u00bb collapsed=\u00a0\u00bbon\u00a0\u00bb global_colors_info=\u00a0\u00bb{%22gcid-primary-color%22:%91%22background_color%22%93}\u00a0\u00bb theme_builder_area=\u00a0\u00bbpost_content\u00a0\u00bb][et_pb_row column_structure=\u00a0\u00bb2_3,1_3&Prime; _builder_version=\u00a0\u00bb4.18.0&Prime; _module_preset=\u00a0\u00bb5138c454-be54-4233-bd3b-f8e6a8747976&Prime; global_colors_info=\u00a0\u00bb{}\u00a0\u00bb theme_builder_area=\u00a0\u00bbpost_content\u00a0\u00bb][et_pb_column type=\u00a0\u00bb2_3&Prime; _builder_version=\u00a0\u00bb4.16.0&Prime; _module_preset=\u00a0\u00bb73121f80-a3ef-4484-8763-c3f18e3c56d2&Prime; global_colors_info=\u00a0\u00bb{}\u00a0\u00bb theme_builder_area=\u00a0\u00bbpost_content\u00a0\u00bb][et_pb_heading title=\u00a0\u00bbBesoin d&rsquo;une Intervention ?\u00a0\u00bb _builder_version=\u00a0\u00bb4.27.4&Prime; _module_preset=\u00a0\u00bbba4a6336-701f-47b8-bf5c-09da0ce28016&Prime; title_text_color=\u00a0\u00bb#FFFFFF\u00a0\u00bb hover_enabled=\u00a0\u00bb0&Prime; locked=\u00a0\u00bboff\u00a0\u00bb global_colors_info=\u00a0\u00bb{}\u00a0\u00bb theme_builder_area=\u00a0\u00bbpost_content\u00a0\u00bb sticky_enabled=\u00a0\u00bb0&Prime;][\/et_pb_heading][\/et_pb_column][et_pb_column type=\u00a0\u00bb1_3&Prime; _builder_version=\u00a0\u00bb4.16.0&Prime; _module_preset=\u00a0\u00bb73121f80-a3ef-4484-8763-c3f18e3c56d2&Prime; global_colors_info=\u00a0\u00bb{}\u00a0\u00bb theme_builder_area=\u00a0\u00bbpost_content\u00a0\u00bb][et_pb_button button_url=\u00a0\u00bb@ET-DC@eyJkeW5hbWljIjp0cnVlLCJjb250ZW50IjoicG9zdF9saW5rX3VybF9wYWdlIiwic2V0dGluZ3MiOnsicG9zdF9pZCI6IjgyIn19@\u00a0\u00bb button_text=\u00a0\u00bbContactez-nous d\u00e8s maintenant\u00a0\u00bb button_alignment=\u00a0\u00bbright\u00a0\u00bb button_alignment_tablet=\u00a0\u00bbleft\u00a0\u00bb button_alignment_phone=\u00a0\u00bbleft\u00a0\u00bb button_alignment_last_edited=\u00a0\u00bbon|desktop\u00a0\u00bb _builder_version=\u00a0\u00bb4.27.4&Prime; _dynamic_attributes=\u00a0\u00bbbutton_url\u00a0\u00bb _module_preset=\u00a0\u00bbab15fb74-61a3-43aa-96b3-41e09aeef654&Prime; global_colors_info=\u00a0\u00bb{}\u00a0\u00bb theme_builder_area=\u00a0\u00bbpost_content\u00a0\u00bb][\/et_pb_button][\/et_pb_column][\/et_pb_row][\/et_pb_section]<\/p>\n","protected":false},"excerpt":{"rendered":"<p>Le d\u00e9sembouage est une op\u00e9ration de maintenance essentielle qui consiste \u00e0 nettoyer en profondeur votre circuit de chauffage central pour \u00e9liminer les boues, d\u00e9p\u00f4ts et impuret\u00e9s qui s&rsquo;accumulent au fil du temps dans vos canalisations et radiateurs.Au fil des ann\u00e9es, l&rsquo;eau qui circule dans votre installation de chauffage se charge progressivement d&rsquo;oxydes m\u00e9talliques, de calcaire [&hellip;]<\/p>\n","protected":false},"author":1,"featured_media":0,"parent":0,"menu_order":0,"comment_status":"closed","ping_status":"closed","template":"","meta":{"_et_pb_use_builder":"on","_et_pb_old_content":"","_et_gb_content_width":"","footnotes":""},"class_list":["post-311","page","type-page","status-publish","hentry"],"_links":{"self":[{"href":"https:\/\/confortenergies.com\/index.php?rest_route=\/wp\/v2\/pages\/311","targetHints":{"allow":["GET"]}}],"collection":[{"href":"https:\/\/confortenergies.com\/index.php?rest_route=\/wp\/v2\/pages"}],"about":[{"href":"https:\/\/confortenergies.com\/index.php?rest_route=\/wp\/v2\/types\/page"}],"author":[{"embeddable":true,"href":"https:\/\/confortenergies.com\/index.php?rest_route=\/wp\/v2\/users\/1"}],"replies":[{"embeddable":true,"href":"https:\/\/confortenergies.com\/index.php?rest_route=%2Fwp%2Fv2%2Fcomments&post=311"}],"version-history":[{"count":5,"href":"https:\/\/confortenergies.com\/index.php?rest_route=\/wp\/v2\/pages\/311\/revisions"}],"predecessor-version":[{"id":320,"href":"https:\/\/confortenergies.com\/index.php?rest_route=\/wp\/v2\/pages\/311\/revisions\/320"}],"wp:attachment":[{"href":"https:\/\/confortenergies.com\/index.php?rest_route=%2Fwp%2Fv2%2Fmedia&parent=311"}],"curies":[{"name":"wp","href":"https:\/\/api.w.org\/{rel}","templated":true}]}}